{"id":1229,"date":"2023-11-19T16:12:10","date_gmt":"2023-11-19T15:12:10","guid":{"rendered":"https:\/\/saavita.org\/?page_id=1229"},"modified":"2023-11-19T16:12:11","modified_gmt":"2023-11-19T15:12:11","slug":"donde-habitan-los-dioses-tour-antropologico-y-ecoturistico","status":"publish","type":"page","link":"https:\/\/saavita.org\/index.php\/donde-habitan-los-dioses-tour-antropologico-y-ecoturistico\/","title":{"rendered":"Donde Habitan Los Dioses: Tour Antropol\u00f3gico y Ecotur\u00edstico"},"content":{"rendered":"\n<p>Salimos de Barichara entre las 6-8am en veh\u00edculo 4\u00d74 hasta la vereda m\u00e1s lejana de Barichara durante hora y media, de all\u00ed comenzamos un Trekking de 2 horas ida. Visitaremos territorio sagrado Guane d\u00f3nde podremos apreciar los pictogramas hechos por los ind\u00edgenas nativos Guanes, caminaremos entre los ca\u00f1ones del Chicamocha y Su\u00e1rez, disfrutaremos del imponente paisaje de los ca\u00f1ones y de frutas cultivadas en la regi\u00f3n, hidrataci\u00f3n y snacks, regreso otras 2 horas hasta veh\u00edculo y regreso Barichara.<\/p>\n\n\n\n<p>Esta experiencia dura 7-8 horas valor por hora desde $40.000, de 1-4 personas m\u00e1s de 5 personas pago adicional por persona de $45.000, el valor del transporte acompa\u00f1ando todo el recorrido ida y regreso desde $350.000, recomendaciones llevar bloqueador solar zapatos de Trekking, sombrero un litro de agua por persona.<\/p>\n\n\n\n<div class=\"wp-block-columns is-layout-flex wp-container-core-columns-is-layout-28f84493 wp-block-columns-is-layout-flex\">\n<div class=\"wp-block-column is-layout-flow wp-block-column-is-layout-flow\">\n<figure class=\"wp-block-image size-full\"><img loading=\"lazy\" decoding=\"async\" width=\"960\" height=\"720\" src=\"https:\/\/saavita.org\/wp-content\/uploads\/2023\/11\/pict.jpg\" alt=\"\" class=\"wp-image-1104\"\/><\/figure>\n<\/div>\n\n\n\n<div class=\"wp-block-column is-layout-flow wp-block-column-is-layout-flow\">\n<figure class=\"wp-block-image size-full\"><img loading=\"lazy\" decoding=\"async\" width=\"960\" height=\"720\" src=\"https:\/\/saavita.org\/wp-content\/uploads\/2023\/11\/pictogramas.jpg\" alt=\"\" class=\"wp-image-1105\"\/><\/figure>\n<\/div>\n<\/div>\n","protected":false},"excerpt":{"rendered":"<p>Salimos de Barichara entre las 6-8am en veh\u00edculo 4\u00d74 hasta la vereda m\u00e1s lejana de Barichara durante hora y media, de all\u00ed comenzamos un Trekking de 2 horas ida. Visitaremos territorio sagrado Guane d\u00f3nde podremos apreciar los pictogramas hechos por los ind\u00edgenas nativos Guanes, caminaremos entre los ca\u00f1ones del Chicamocha y Su\u00e1rez, disfrutaremos del imponente paisaje de los ca\u00f1ones y de frutas cultivadas en la regi\u00f3n, hidrataci\u00f3n y snacks, regreso otras 2 horas hasta veh\u00edculo y regreso Barichara. Esta experiencia dura 7-8 horas valor por hora desde $40.000, de 1-4 personas m\u00e1s de 5 personas pago adicional por persona de $45.000, el valor del transporte acompa\u00f1ando todo el recorrido ida y regreso desde $350.000, recomendaciones llevar bloqueador solar zapatos de Trekking, sombrero un litro de agua por persona.<\/p>\n","protected":false},"author":1,"featured_media":1106,"parent":0,"menu_order":0,"comment_status":"closed","ping_status":"closed","template":"","meta":{"footnotes":""},"class_list":["post-1229","page","type-page","status-publish","has-post-thumbnail","hentry"],"_links":{"self":[{"href":"https:\/\/saavita.org\/index.php\/wp-json\/wp\/v2\/pages\/1229","targetHints":{"allow":["GET"]}}],"collection":[{"href":"https:\/\/saavita.org\/index.php\/wp-json\/wp\/v2\/pages"}],"about":[{"href":"https:\/\/saavita.org\/index.php\/wp-json\/wp\/v2\/types\/page"}],"author":[{"embeddable":true,"href":"https:\/\/saavita.org\/index.php\/wp-json\/wp\/v2\/users\/1"}],"replies":[{"embeddable":true,"href":"https:\/\/saavita.org\/index.php\/wp-json\/wp\/v2\/comments?post=1229"}],"version-history":[{"count":1,"href":"https:\/\/saavita.org\/index.php\/wp-json\/wp\/v2\/pages\/1229\/revisions"}],"predecessor-version":[{"id":1230,"href":"https:\/\/saavita.org\/index.php\/wp-json\/wp\/v2\/pages\/1229\/revisions\/1230"}],"wp:featuredmedia":[{"embeddable":true,"href":"https:\/\/saavita.org\/index.php\/wp-json\/wp\/v2\/media\/1106"}],"wp:attachment":[{"href":"https:\/\/saavita.org\/index.php\/wp-json\/wp\/v2\/media?parent=1229"}],"curies":[{"name":"wp","href":"https:\/\/api.w.org\/{rel}","templated":true}]}}